{"id":107,"date":"2022-08-16T11:38:09","date_gmt":"2022-08-16T14:38:09","guid":{"rendered":"https:\/\/amellie.com.br\/refund-and-return-policy\/"},"modified":"2022-09-10T11:39:15","modified_gmt":"2022-09-10T14:39:15","slug":"refund-and-return-policy","status":"publish","type":"page","link":"https:\/\/amellie.com.br\/en\/refund-and-return-policy\/","title":{"rendered":"Refund and Return Policy"},"content":{"rendered":"<header class=\"entry-header\">&#13;\n<h1 class=\"entry-title\">TROCAS E DEVOLU\u00c7\u00d5ES<\/h1>&#13;\n<\/header>&#13;\n<div class=\"entry-content\">&#13;\n<p><b>ENTREGA E FRETE<\/b><\/p>&#13;\n<p>A Amellie tem parceria com os Correios e transportadoras para a entrega de seus produtos f\u00edsicos, cujo tempo de transporte pode variar de acordo com a regi\u00e3o do destinat\u00e1rio e com o modo de envio escolhido. A estimativa do prazo de envio \u00e9 dada ao finalizar o pedido ou voc\u00ea pode consultar na pr\u00f3pria p\u00e1gina do produto. De qualquer modo, pedimos para que esteja atento com o status de seu pedido e se certifique que haver\u00e1 algu\u00e9m apto para receber a encomenda.<\/p>&#13;\n<p>Todos os pedidos a serem entregues estar\u00e3o em caixas ou envelopes personalizados e estar\u00e3o lacrados. Caso o consumidor constate que a embalagem esteja violada, a sugest\u00e3o \u00e9 que esta seja recusada no momento da entrega, evitando assim posteriores transtornos. Neste caso, pedimos que o cliente entre em contato com a Amellie atrav\u00e9s do link \u201cFale conosco\u201d.<\/p>&#13;\n<p>Voc\u00ea poder\u00e1 seguir o status de seu pedido atrav\u00e9s do link enviado por e-mail ou logando em nossa p\u00e1gina e acessando \u201cMeus Pedidos\u201d.<\/p>&#13;\n<p>\u00a0<\/p>&#13;\n<p><b>Importante<\/b>: Projetos Digitais (PDF) n\u00e3o s\u00e3o enviados por email. Ap\u00f3s a aprova\u00e7\u00e3o e confirma\u00e7\u00e3o do pagamento, o cliente ter\u00e1 acesso ao link para download do arquivo:<\/p>&#13;\n<ol>&#13;\n<li>Na pr\u00f3pria p\u00e1gina de confirma\u00e7\u00e3o da compra em caso de pagamentos com cart\u00e3o<\/li>&#13;\n<li>Na se\u00e7\u00e3o de \u201cMeus Pedidos\u201d da \u00e1rea logada do cliente<\/li>&#13;\n<li>No\u00a0<i>e-mail<\/i>\u00a0enviado automaticamente para o cliente<\/li>&#13;\n<\/ol>&#13;\n<p>Lembramos que o arquivo ficar\u00e1 dispon\u00edvel para download por um prazo de 90 dias e o cliente poder\u00e1 fazer download at\u00e9 5 vezes.<\/p>&#13;\n<p>Por \u00faltimo, refor\u00e7amos que a maioria dos projetos (instru\u00e7\u00f5es, refer\u00eancias, etc.) est\u00e3o apenas\u00a0<strong>P<\/strong><strong>ortugu\u00eas do Brasil<\/strong>, sem tradu\u00e7\u00e3o para outras l\u00ednguas.<\/p>&#13;\n<p><b>TROCA E DEVOLU\u00c7\u00c3O<\/b><\/p>&#13;\n<p>A Amellie efetuar\u00e1 a troca do(s) produto(s) adquirido(s) por seus Clientes, de acordo com o previsto no C\u00f3digo de Defesa do Consumidor (Brasil). O\u00a0 prazo para solicita\u00e7\u00e3o de troca\/devolu\u00e7\u00e3o \u00e9 de at\u00e9 7 (sete) dias corridos, contando da data do recebimento do produto.<\/p>&#13;\n<p>Given the nature of the products sold (patterns that can be easily copied), we warn you that we only accept the return or exchange of products as long as they are in their original box and that they have not been opened\/seal violated, without signs of use or violation of the original seal.<\/p>&#13;\n<p>Assim que apontarmos a devolu\u00e7\u00e3o do pedido original, procederemos ao reembolso do valor cobrado atrav\u00e9s do mesmo meio de pagamento utilizado ou ao envio do novo produto pedido. Caso a troca seja por produto de menor valor, o cliente abrir\u00e1 m\u00e3o da diferen\u00e7a de valor. Caso a troca seja por produto de maior valor, o cliente dever\u00e1 pagar a diferen\u00e7a de valor atrav\u00e9s do meio de pagamento acordado com a loja.\u00a0<\/p>&#13;\n<p><b>Important<\/b>: The purchase of an ePattern (PDF) is final and cannot be exchanged or returned due to the definite nature of the shipment. Additionally, the consumer agrees that, when purchasing patterns (in paper or PDF), (i) a watermark will be added with the consumer&#8217;s name and e-mail and (ii) any leakage of this information in the digital project files (PDF) will be sole responsibility of the consumer<\/p>&#13;\n<p>This is solely intended to mitigate the risk of improper sharing on the Internet of patterns created by the company under copyright protection.<\/p>&#13;\n<\/div>&#13;\n","protected":false},"excerpt":{"rendered":"<p>&#13; TROCAS E DEVOLU\u00c7\u00d5ES &#13; &#13; &#13; ENTREGA E FRETE &#13; A Amellie tem parceria com os Correios e transportadoras<\/p>\n","protected":false},"author":1,"featured_media":0,"parent":0,"menu_order":0,"comment_status":"closed","ping_status":"closed","template":"","meta":{"_joinchat":[],"footnotes":""},"class_list":["post-107","page","type-page","status-publish","hentry"],"yoast_head":"<!-- This site is optimized with the Yoast SEO Premium plugin v27.0 (Yoast SEO v27.2) - https:\/\/yoast.com\/product\/yoast-seo-premium-wordpress\/ -->\n<title>Refund and Return Policy - Amellie<\/title>\n<meta name=\"robots\" content=\"index, follow, max-snippet:-1, max-image-preview:large, max-video-preview:-1\" \/>\n<link rel=\"canonical\" href=\"https:\/\/amellie.com.br\/en\/refund-and-return-policy\/\" \/>\n<meta property=\"og:locale\" content=\"en_US\" \/>\n<meta property=\"og:type\" content=\"article\" \/>\n<meta property=\"og:title\" content=\"Refund and Return Policy - Amellie\" \/>\n<meta property=\"og:description\" content=\"&#013; TROCAS E DEVOLU\u00c7\u00d5ES &#013; &#013; &#013; ENTREGA E FRETE &#013; A Amellie tem parceria com os Correios e transportadoras\" \/>\n<meta property=\"og:url\" content=\"https:\/\/amellie.com.br\/en\/refund-and-return-policy\/\" \/>\n<meta property=\"og:site_name\" content=\"Amellie\" \/>\n<meta property=\"article:publisher\" content=\"https:\/\/www.facebook.com\/amelliebonecas\" \/>\n<meta property=\"article:modified_time\" content=\"2022-09-10T14:39:15+00:00\" \/>\n<meta name=\"twitter:card\" content=\"summary_large_image\" \/>\n<meta name=\"twitter:label1\" content=\"Est. reading time\" \/>\n\t<meta name=\"twitter:data1\" content=\"3 minutes\" \/>\n<script type=\"application\/ld+json\" class=\"yoast-schema-graph\">{\"@context\":\"https:\/\/schema.org\",\"@graph\":[{\"@type\":\"WebPage\",\"@id\":\"https:\/\/amellie.com.br\/en\/refund-and-return-policy\/\",\"url\":\"https:\/\/amellie.com.br\/en\/refund-and-return-policy\/\",\"name\":\"Refund and Return Policy - Amellie\",\"isPartOf\":{\"@id\":\"https:\/\/amellie.com.br\/en\/#website\"},\"datePublished\":\"2022-08-16T14:38:09+00:00\",\"dateModified\":\"2022-09-10T14:39:15+00:00\",\"breadcrumb\":{\"@id\":\"https:\/\/amellie.com.br\/en\/refund-and-return-policy\/#breadcrumb\"},\"inLanguage\":\"en-US\",\"potentialAction\":[{\"@type\":\"ReadAction\",\"target\":[\"https:\/\/amellie.com.br\/en\/refund-and-return-policy\/\"]}]},{\"@type\":\"BreadcrumbList\",\"@id\":\"https:\/\/amellie.com.br\/en\/refund-and-return-policy\/#breadcrumb\",\"itemListElement\":[{\"@type\":\"ListItem\",\"position\":1,\"name\":\"In\u00edcio\",\"item\":\"https:\/\/amellie.com.br\/en\/\"},{\"@type\":\"ListItem\",\"position\":2,\"name\":\"Refund and Return Policy\"}]},{\"@type\":\"WebSite\",\"@id\":\"https:\/\/amellie.com.br\/en\/#website\",\"url\":\"https:\/\/amellie.com.br\/en\/\",\"name\":\"Amellie\",\"description\":\"Por Mari Prado - Bonecas &amp; Patchwork\",\"publisher\":{\"@id\":\"https:\/\/amellie.com.br\/en\/#organization\"},\"potentialAction\":[{\"@type\":\"SearchAction\",\"target\":{\"@type\":\"EntryPoint\",\"urlTemplate\":\"https:\/\/amellie.com.br\/en\/?s={search_term_string}\"},\"query-input\":{\"@type\":\"PropertyValueSpecification\",\"valueRequired\":true,\"valueName\":\"search_term_string\"}}],\"inLanguage\":\"en-US\"},{\"@type\":\"Organization\",\"@id\":\"https:\/\/amellie.com.br\/en\/#organization\",\"name\":\"Amellie - Por Mari Prado - Bonecas & Patchwork\",\"url\":\"https:\/\/amellie.com.br\/en\/\",\"logo\":{\"@type\":\"ImageObject\",\"inLanguage\":\"en-US\",\"@id\":\"https:\/\/amellie.com.br\/en\/#\/schema\/logo\/image\/\",\"url\":\"https:\/\/amellie.com.br\/wp-content\/uploads\/2022\/08\/Amellie-Logotipo.png\",\"contentUrl\":\"https:\/\/amellie.com.br\/wp-content\/uploads\/2022\/08\/Amellie-Logotipo.png\",\"width\":5095,\"height\":3058,\"caption\":\"Amellie - Por Mari Prado - Bonecas & Patchwork\"},\"image\":{\"@id\":\"https:\/\/amellie.com.br\/en\/#\/schema\/logo\/image\/\"},\"sameAs\":[\"https:\/\/www.facebook.com\/amelliebonecas\",\"https:\/\/www.instagram.com\/amelliebonecas\/\",\"https:\/\/www.youtube.com\/channel\/UCGM9gBxiwy7CXH7zj2KC0wQ\"]}]}<\/script>\n<!-- \/ Yoast SEO Premium plugin. -->","yoast_head_json":{"title":"Refund and Return Policy - Amellie","robots":{"index":"index","follow":"follow","max-snippet":"max-snippet:-1","max-image-preview":"max-image-preview:large","max-video-preview":"max-video-preview:-1"},"canonical":"https:\/\/amellie.com.br\/en\/refund-and-return-policy\/","og_locale":"en_US","og_type":"article","og_title":"Refund and Return Policy - Amellie","og_description":"&#13; TROCAS E DEVOLU\u00c7\u00d5ES &#13; &#13; &#13; ENTREGA E FRETE &#13; A Amellie tem parceria com os Correios e transportadoras","og_url":"https:\/\/amellie.com.br\/en\/refund-and-return-policy\/","og_site_name":"Amellie","article_publisher":"https:\/\/www.facebook.com\/amelliebonecas","article_modified_time":"2022-09-10T14:39:15+00:00","twitter_card":"summary_large_image","twitter_misc":{"Est. reading time":"3 minutes"},"schema":{"@context":"https:\/\/schema.org","@graph":[{"@type":"WebPage","@id":"https:\/\/amellie.com.br\/en\/refund-and-return-policy\/","url":"https:\/\/amellie.com.br\/en\/refund-and-return-policy\/","name":"Refund and Return Policy - Amellie","isPartOf":{"@id":"https:\/\/amellie.com.br\/en\/#website"},"datePublished":"2022-08-16T14:38:09+00:00","dateModified":"2022-09-10T14:39:15+00:00","breadcrumb":{"@id":"https:\/\/amellie.com.br\/en\/refund-and-return-policy\/#breadcrumb"},"inLanguage":"en-US","potentialAction":[{"@type":"ReadAction","target":["https:\/\/amellie.com.br\/en\/refund-and-return-policy\/"]}]},{"@type":"BreadcrumbList","@id":"https:\/\/amellie.com.br\/en\/refund-and-return-policy\/#breadcrumb","itemListElement":[{"@type":"ListItem","position":1,"name":"In\u00edcio","item":"https:\/\/amellie.com.br\/en\/"},{"@type":"ListItem","position":2,"name":"Refund and Return Policy"}]},{"@type":"WebSite","@id":"https:\/\/amellie.com.br\/en\/#website","url":"https:\/\/amellie.com.br\/en\/","name":"Amellie","description":"Por Mari Prado - Bonecas &amp; Patchwork","publisher":{"@id":"https:\/\/amellie.com.br\/en\/#organization"},"potentialAction":[{"@type":"SearchAction","target":{"@type":"EntryPoint","urlTemplate":"https:\/\/amellie.com.br\/en\/?s={search_term_string}"},"query-input":{"@type":"PropertyValueSpecification","valueRequired":true,"valueName":"search_term_string"}}],"inLanguage":"en-US"},{"@type":"Organization","@id":"https:\/\/amellie.com.br\/en\/#organization","name":"Amellie - Por Mari Prado - Bonecas & Patchwork","url":"https:\/\/amellie.com.br\/en\/","logo":{"@type":"ImageObject","inLanguage":"en-US","@id":"https:\/\/amellie.com.br\/en\/#\/schema\/logo\/image\/","url":"https:\/\/amellie.com.br\/wp-content\/uploads\/2022\/08\/Amellie-Logotipo.png","contentUrl":"https:\/\/amellie.com.br\/wp-content\/uploads\/2022\/08\/Amellie-Logotipo.png","width":5095,"height":3058,"caption":"Amellie - Por Mari Prado - Bonecas & Patchwork"},"image":{"@id":"https:\/\/amellie.com.br\/en\/#\/schema\/logo\/image\/"},"sameAs":["https:\/\/www.facebook.com\/amelliebonecas","https:\/\/www.instagram.com\/amelliebonecas\/","https:\/\/www.youtube.com\/channel\/UCGM9gBxiwy7CXH7zj2KC0wQ"]}]}},"_links":{"self":[{"href":"https:\/\/amellie.com.br\/en\/wp-json\/wp\/v2\/pages\/107","targetHints":{"allow":["GET"]}}],"collection":[{"href":"https:\/\/amellie.com.br\/en\/wp-json\/wp\/v2\/pages"}],"about":[{"href":"https:\/\/amellie.com.br\/en\/wp-json\/wp\/v2\/types\/page"}],"author":[{"embeddable":true,"href":"https:\/\/amellie.com.br\/en\/wp-json\/wp\/v2\/users\/1"}],"replies":[{"embeddable":true,"href":"https:\/\/amellie.com.br\/en\/wp-json\/wp\/v2\/comments?post=107"}],"version-history":[{"count":0,"href":"https:\/\/amellie.com.br\/en\/wp-json\/wp\/v2\/pages\/107\/revisions"}],"wp:attachment":[{"href":"https:\/\/amellie.com.br\/en\/wp-json\/wp\/v2\/media?parent=107"}],"curies":[{"name":"wp","href":"https:\/\/api.w.org\/{rel}","templated":true}]}}