{"id":10055,"date":"2025-08-04T10:00:31","date_gmt":"2025-08-04T13:00:31","guid":{"rendered":"https:\/\/amellie.com.br\/?post_type=product&#038;p=10055"},"modified":"2026-03-08T09:09:21","modified_gmt":"2026-03-08T12:09:21","slug":"projeto-digital-pdf-molde-noel-presente","status":"publish","type":"product","link":"https:\/\/amellie.com.br\/en\/produto\/projeto-digital-pdf-molde-noel-presente\/","title":{"rendered":"Projeto Digital PDF: Molde Noel Presente"},"content":{"rendered":"<p>Projeto com molde e instru\u00e7\u00f5es: \u2018Noel Presente\u2019.<\/p>\n<p>Inclui foto colorida, molde detalhado (vetorizado em tamanho natural) e instru\u00e7\u00f5es de montagem com as principais dicas.<\/p>\n<p>A pe\u00e7a pronta tem aproximadamente 25 de altura at\u00e9 a cabe\u00e7a.<\/p>\n<p>&nbsp;<\/p>\n","protected":false},"excerpt":{"rendered":"<p>Projeto com molde e instru\u00e7\u00f5es: Noel Presente<\/p>\n","protected":false},"featured_media":10144,"comment_status":"open","ping_status":"closed","template":"","meta":{"_joinchat":[]},"product_brand":[],"product_cat":[63],"product_tag":[],"class_list":{"0":"post-10055","1":"product","2":"type-product","3":"status-publish","4":"has-post-thumbnail","6":"product_cat-natal","7":"product_shipping_class-carta-registrada","9":"first","10":"instock","11":"sale","12":"shipping-taxable","13":"purchasable","14":"product-type-variable","15":"has-default-attributes"},"bundled_by":[],"bundle_stock_status":"instock","bundle_stock_quantity":null,"bundle_virtual":false,"bundle_layout":"","bundle_add_to_cart_form_location":"","bundle_editable_in_cart":false,"bundle_sold_individually_context":"","bundle_item_grouping":"","bundle_min_size":"","bundle_max_size":"","bundle_price":[],"bundled_items":[],"bundle_sell_ids":[],"yoast_head":"<!-- This site is optimized with the Yoast SEO Premium plugin v27.0 (Yoast SEO v27.2) - https:\/\/yoast.com\/product\/yoast-seo-premium-wordpress\/ -->\n<title>Projeto Digital PDF: Molde Noel Presente - Amellie<\/title>\n<meta name=\"robots\" content=\"index, follow, max-snippet:-1, max-image-preview:large, max-video-preview:-1\" \/>\n<link rel=\"canonical\" href=\"https:\/\/amellie.com.br\/en\/produto\/projeto-digital-pdf-molde-noel-presente\/\" \/>\n<meta property=\"og:locale\" content=\"en_US\" \/>\n<meta property=\"og:type\" content=\"article\" \/>\n<meta property=\"og:title\" content=\"Projeto Digital PDF: Molde Noel Presente - Amellie\" \/>\n<meta property=\"og:description\" content=\"Projeto com molde e instru\u00e7\u00f5es: Noel Presente\" \/>\n<meta property=\"og:url\" content=\"https:\/\/amellie.com.br\/en\/produto\/projeto-digital-pdf-molde-noel-presente\/\" \/>\n<meta property=\"og:site_name\" content=\"Amellie\" \/>\n<meta property=\"article:publisher\" content=\"https:\/\/www.facebook.com\/amelliebonecas\" \/>\n<meta property=\"article:modified_time\" content=\"2026-03-08T12:09:21+00:00\" \/>\n<meta property=\"og:image\" content=\"https:\/\/amellie.com.br\/wp-content\/uploads\/2025\/08\/Projeto-digital-amellie-noel-presente.jpg\" \/>\n\t<meta property=\"og:image:width\" content=\"1280\" \/>\n\t<meta property=\"og:image:height\" content=\"1214\" \/>\n\t<meta property=\"og:image:type\" content=\"image\/jpeg\" \/>\n<meta name=\"twitter:card\" content=\"summary_large_image\" \/>\n<meta name=\"twitter:label1\" content=\"Availability\" \/>\n\t<meta name=\"twitter:data1\" content=\"In stock\" \/>\n<script type=\"application\/ld+json\" class=\"yoast-schema-graph\">{\"@context\":\"https:\/\/schema.org\",\"@graph\":[{\"@type\":[\"WebPage\",\"ItemPage\"],\"@id\":\"https:\/\/amellie.com.br\/en\/produto\/projeto-digital-pdf-molde-noel-presente\/\",\"url\":\"https:\/\/amellie.com.br\/en\/produto\/projeto-digital-pdf-molde-noel-presente\/\",\"name\":\"Projeto Digital PDF: Molde Noel Presente - Amellie\",\"isPartOf\":{\"@id\":\"https:\/\/amellie.com.br\/en\/#website\"},\"primaryImageOfPage\":{\"@id\":\"https:\/\/amellie.com.br\/en\/produto\/projeto-digital-pdf-molde-noel-presente\/#primaryimage\"},\"image\":{\"@id\":\"https:\/\/amellie.com.br\/en\/produto\/projeto-digital-pdf-molde-noel-presente\/#primaryimage\"},\"thumbnailUrl\":\"https:\/\/amellie.com.br\/wp-content\/uploads\/2025\/08\/Projeto-digital-amellie-noel-presente.jpg\",\"datePublished\":\"2025-08-04T13:00:31+00:00\",\"dateModified\":\"2026-03-08T12:09:21+00:00\",\"breadcrumb\":{\"@id\":\"https:\/\/amellie.com.br\/en\/produto\/projeto-digital-pdf-molde-noel-presente\/#breadcrumb\"},\"inLanguage\":\"en-US\",\"potentialAction\":[{\"@type\":\"ReadAction\",\"target\":[\"https:\/\/amellie.com.br\/en\/produto\/projeto-digital-pdf-molde-noel-presente\/\"]}]},{\"@type\":\"ImageObject\",\"inLanguage\":\"en-US\",\"@id\":\"https:\/\/amellie.com.br\/en\/produto\/projeto-digital-pdf-molde-noel-presente\/#primaryimage\",\"url\":\"https:\/\/amellie.com.br\/wp-content\/uploads\/2025\/08\/Projeto-digital-amellie-noel-presente.jpg\",\"contentUrl\":\"https:\/\/amellie.com.br\/wp-content\/uploads\/2025\/08\/Projeto-digital-amellie-noel-presente.jpg\",\"width\":1280,\"height\":1214},{\"@type\":\"BreadcrumbList\",\"@id\":\"https:\/\/amellie.com.br\/en\/produto\/projeto-digital-pdf-molde-noel-presente\/#breadcrumb\",\"itemListElement\":[{\"@type\":\"ListItem\",\"position\":1,\"name\":\"In\u00edcio\",\"item\":\"https:\/\/amellie.com.br\/en\/\"},{\"@type\":\"ListItem\",\"position\":2,\"name\":\"Shop\",\"item\":\"https:\/\/demo.zionlab.com.br\/en\/shop\/\"},{\"@type\":\"ListItem\",\"position\":3,\"name\":\"Projeto Digital PDF: Molde Noel Presente\"}]},{\"@type\":\"WebSite\",\"@id\":\"https:\/\/amellie.com.br\/en\/#website\",\"url\":\"https:\/\/amellie.com.br\/en\/\",\"name\":\"Amellie\",\"description\":\"Por Mari Prado - Bonecas &amp; Patchwork\",\"publisher\":{\"@id\":\"https:\/\/amellie.com.br\/en\/#organization\"},\"potentialAction\":[{\"@type\":\"SearchAction\",\"target\":{\"@type\":\"EntryPoint\",\"urlTemplate\":\"https:\/\/amellie.com.br\/en\/?s={search_term_string}\"},\"query-input\":{\"@type\":\"PropertyValueSpecification\",\"valueRequired\":true,\"valueName\":\"search_term_string\"}}],\"inLanguage\":\"en-US\"},{\"@type\":\"Organization\",\"@id\":\"https:\/\/amellie.com.br\/en\/#organization\",\"name\":\"Amellie - Por Mari Prado - Bonecas & Patchwork\",\"url\":\"https:\/\/amellie.com.br\/en\/\",\"logo\":{\"@type\":\"ImageObject\",\"inLanguage\":\"en-US\",\"@id\":\"https:\/\/amellie.com.br\/en\/#\/schema\/logo\/image\/\",\"url\":\"https:\/\/amellie.com.br\/wp-content\/uploads\/2022\/08\/Amellie-Logotipo.png\",\"contentUrl\":\"https:\/\/amellie.com.br\/wp-content\/uploads\/2022\/08\/Amellie-Logotipo.png\",\"width\":5095,\"height\":3058,\"caption\":\"Amellie - Por Mari Prado - Bonecas & Patchwork\"},\"image\":{\"@id\":\"https:\/\/amellie.com.br\/en\/#\/schema\/logo\/image\/\"},\"sameAs\":[\"https:\/\/www.facebook.com\/amelliebonecas\",\"https:\/\/www.instagram.com\/amelliebonecas\/\",\"https:\/\/www.youtube.com\/channel\/UCGM9gBxiwy7CXH7zj2KC0wQ\"]}]}<\/script>\n<meta property=\"og:availability\" content=\"instock\" \/>\n<meta property=\"product:availability\" content=\"instock\" \/>\n<meta property=\"product:retailer_item_id\" content=\"AMNOELPRE\" \/>\n<meta property=\"product:condition\" content=\"new\" \/>\n<!-- \/ Yoast SEO Premium plugin. -->","yoast_head_json":{"title":"Projeto Digital PDF: Molde Noel Presente - Amellie","robots":{"index":"index","follow":"follow","max-snippet":"max-snippet:-1","max-image-preview":"max-image-preview:large","max-video-preview":"max-video-preview:-1"},"canonical":"https:\/\/amellie.com.br\/en\/produto\/projeto-digital-pdf-molde-noel-presente\/","og_locale":"en_US","og_type":"article","og_title":"Projeto Digital PDF: Molde Noel Presente - Amellie","og_description":"Projeto com molde e instru\u00e7\u00f5es: Noel Presente","og_url":"https:\/\/amellie.com.br\/en\/produto\/projeto-digital-pdf-molde-noel-presente\/","og_site_name":"Amellie","article_publisher":"https:\/\/www.facebook.com\/amelliebonecas","article_modified_time":"2026-03-08T12:09:21+00:00","og_image":[{"width":1280,"height":1214,"url":"https:\/\/amellie.com.br\/wp-content\/uploads\/2025\/08\/Projeto-digital-amellie-noel-presente.jpg","type":"image\/jpeg"}],"twitter_card":"summary_large_image","twitter_misc":{"Availability":"In stock"},"schema":{"@context":"https:\/\/schema.org","@graph":[{"@type":["WebPage","ItemPage"],"@id":"https:\/\/amellie.com.br\/en\/produto\/projeto-digital-pdf-molde-noel-presente\/","url":"https:\/\/amellie.com.br\/en\/produto\/projeto-digital-pdf-molde-noel-presente\/","name":"Projeto Digital PDF: Molde Noel Presente - Amellie","isPartOf":{"@id":"https:\/\/amellie.com.br\/en\/#website"},"primaryImageOfPage":{"@id":"https:\/\/amellie.com.br\/en\/produto\/projeto-digital-pdf-molde-noel-presente\/#primaryimage"},"image":{"@id":"https:\/\/amellie.com.br\/en\/produto\/projeto-digital-pdf-molde-noel-presente\/#primaryimage"},"thumbnailUrl":"https:\/\/amellie.com.br\/wp-content\/uploads\/2025\/08\/Projeto-digital-amellie-noel-presente.jpg","datePublished":"2025-08-04T13:00:31+00:00","dateModified":"2026-03-08T12:09:21+00:00","breadcrumb":{"@id":"https:\/\/amellie.com.br\/en\/produto\/projeto-digital-pdf-molde-noel-presente\/#breadcrumb"},"inLanguage":"en-US","potentialAction":[{"@type":"ReadAction","target":["https:\/\/amellie.com.br\/en\/produto\/projeto-digital-pdf-molde-noel-presente\/"]}]},{"@type":"ImageObject","inLanguage":"en-US","@id":"https:\/\/amellie.com.br\/en\/produto\/projeto-digital-pdf-molde-noel-presente\/#primaryimage","url":"https:\/\/amellie.com.br\/wp-content\/uploads\/2025\/08\/Projeto-digital-amellie-noel-presente.jpg","contentUrl":"https:\/\/amellie.com.br\/wp-content\/uploads\/2025\/08\/Projeto-digital-amellie-noel-presente.jpg","width":1280,"height":1214},{"@type":"BreadcrumbList","@id":"https:\/\/amellie.com.br\/en\/produto\/projeto-digital-pdf-molde-noel-presente\/#breadcrumb","itemListElement":[{"@type":"ListItem","position":1,"name":"In\u00edcio","item":"https:\/\/amellie.com.br\/en\/"},{"@type":"ListItem","position":2,"name":"Shop","item":"https:\/\/demo.zionlab.com.br\/en\/shop\/"},{"@type":"ListItem","position":3,"name":"Projeto Digital PDF: Molde Noel Presente"}]},{"@type":"WebSite","@id":"https:\/\/amellie.com.br\/en\/#website","url":"https:\/\/amellie.com.br\/en\/","name":"Amellie","description":"Por Mari Prado - Bonecas &amp; Patchwork","publisher":{"@id":"https:\/\/amellie.com.br\/en\/#organization"},"potentialAction":[{"@type":"SearchAction","target":{"@type":"EntryPoint","urlTemplate":"https:\/\/amellie.com.br\/en\/?s={search_term_string}"},"query-input":{"@type":"PropertyValueSpecification","valueRequired":true,"valueName":"search_term_string"}}],"inLanguage":"en-US"},{"@type":"Organization","@id":"https:\/\/amellie.com.br\/en\/#organization","name":"Amellie - Por Mari Prado - Bonecas & Patchwork","url":"https:\/\/amellie.com.br\/en\/","logo":{"@type":"ImageObject","inLanguage":"en-US","@id":"https:\/\/amellie.com.br\/en\/#\/schema\/logo\/image\/","url":"https:\/\/amellie.com.br\/wp-content\/uploads\/2022\/08\/Amellie-Logotipo.png","contentUrl":"https:\/\/amellie.com.br\/wp-content\/uploads\/2022\/08\/Amellie-Logotipo.png","width":5095,"height":3058,"caption":"Amellie - Por Mari Prado - Bonecas & Patchwork"},"image":{"@id":"https:\/\/amellie.com.br\/en\/#\/schema\/logo\/image\/"},"sameAs":["https:\/\/www.facebook.com\/amelliebonecas","https:\/\/www.instagram.com\/amelliebonecas\/","https:\/\/www.youtube.com\/channel\/UCGM9gBxiwy7CXH7zj2KC0wQ"]}]},"og_availability":"instock","product_availability":"instock","product_retailer_item_id":"AMNOELPRE","product_condition":"new"},"_links":{"self":[{"href":"https:\/\/amellie.com.br\/en\/wp-json\/wp\/v2\/product\/10055","targetHints":{"allow":["GET"]}}],"collection":[{"href":"https:\/\/amellie.com.br\/en\/wp-json\/wp\/v2\/product"}],"about":[{"href":"https:\/\/amellie.com.br\/en\/wp-json\/wp\/v2\/types\/product"}],"replies":[{"embeddable":true,"href":"https:\/\/amellie.com.br\/en\/wp-json\/wp\/v2\/comments?post=10055"}],"wp:featuredmedia":[{"embeddable":true,"href":"https:\/\/amellie.com.br\/en\/wp-json\/wp\/v2\/media\/10144"}],"wp:attachment":[{"href":"https:\/\/amellie.com.br\/en\/wp-json\/wp\/v2\/media?parent=10055"}],"wp:term":[{"taxonomy":"product_brand","embeddable":true,"href":"https:\/\/amellie.com.br\/en\/wp-json\/wp\/v2\/product_brand?post=10055"},{"taxonomy":"product_cat","embeddable":true,"href":"https:\/\/amellie.com.br\/en\/wp-json\/wp\/v2\/product_cat?post=10055"},{"taxonomy":"product_tag","embeddable":true,"href":"https:\/\/amellie.com.br\/en\/wp-json\/wp\/v2\/product_tag?post=10055"}],"curies":[{"name":"wp","href":"https:\/\/api.w.org\/{rel}","templated":true}]}}