{"id":3664,"date":"2022-10-28T09:06:47","date_gmt":"2022-10-28T12:06:47","guid":{"rendered":"https:\/\/amellie.com.br\/?post_type=product&#038;p=3664"},"modified":"2025-08-03T17:51:06","modified_gmt":"2025-08-03T20:51:06","slug":"kit-para-fazer-noelzinho","status":"publish","type":"product","link":"https:\/\/amellie.com.br\/en\/produto\/kit-para-fazer-noelzinho\/","title":{"rendered":"Kit para fazer: Noelzinho"},"content":{"rendered":"<p>Kit para confec\u00e7\u00e3o da <strong>Noelzinho<\/strong>. Tudo embalado e separado com amor pela Amellie<\/p>\n<ul>\n<li>Kit inclui projeto com molde, tecidos variados (cada kit \u00e9 \u00fanico!) e os acess\u00f3rios (cabelinho, bot\u00f5es, etc.) necess\u00e1rios para a montagem de 1 noelzinho (exceto enchimento)<\/li>\n<li>Projeto inclui foto colorida, molde e instru\u00e7\u00f5es de montagem<\/li>\n<li>Confeccionado e enviado em at\u00e9 7 dias \u00fateis<\/li>\n<\/ul>\n","protected":false},"excerpt":{"rendered":"<p>Kit para confec\u00e7\u00e3o da Noelzinho. Tudo embalado e separado com amor pela Amellie Kit inclui projeto com molde, tecidos variados<\/p>\n","protected":false},"featured_media":3669,"comment_status":"open","ping_status":"closed","template":"","meta":{"_joinchat":[]},"product_brand":[],"product_cat":[78],"product_tag":[],"class_list":{"0":"post-3664","1":"product","2":"type-product","3":"status-publish","4":"has-post-thumbnail","6":"product_cat-kits","8":"first","9":"instock","10":"shipping-taxable","11":"purchasable","12":"product-type-simple"},"bundled_by":[],"bundle_stock_status":"instock","bundle_stock_quantity":6,"bundle_virtual":false,"bundle_layout":"","bundle_add_to_cart_form_location":"","bundle_editable_in_cart":false,"bundle_sold_individually_context":"","bundle_item_grouping":"","bundle_min_size":"","bundle_max_size":"","bundle_price":[],"bundled_items":[],"bundle_sell_ids":[],"yoast_head":"<!-- This site is optimized with the Yoast SEO Premium plugin v27.0 (Yoast SEO v27.2) - https:\/\/yoast.com\/product\/yoast-seo-premium-wordpress\/ -->\n<title>Kit para fazer: Noelzinho - Amellie<\/title>\n<meta name=\"robots\" content=\"index, follow, max-snippet:-1, max-image-preview:large, max-video-preview:-1\" \/>\n<link rel=\"canonical\" href=\"https:\/\/amellie.com.br\/en\/produto\/kit-para-fazer-noelzinho\/\" \/>\n<meta property=\"og:locale\" content=\"en_US\" \/>\n<meta property=\"og:type\" content=\"article\" \/>\n<meta property=\"og:title\" content=\"Kit para fazer: Noelzinho - Amellie\" \/>\n<meta property=\"og:description\" content=\"Kit para confec\u00e7\u00e3o da Noelzinho. Tudo embalado e separado com amor pela Amellie Kit inclui projeto com molde, tecidos variados\" \/>\n<meta property=\"og:url\" content=\"https:\/\/amellie.com.br\/en\/produto\/kit-para-fazer-noelzinho\/\" \/>\n<meta property=\"og:site_name\" content=\"Amellie\" \/>\n<meta property=\"article:publisher\" content=\"https:\/\/www.facebook.com\/amelliebonecas\" \/>\n<meta property=\"article:modified_time\" content=\"2025-08-03T20:51:06+00:00\" \/>\n<meta property=\"og:image\" content=\"https:\/\/amellie.com.br\/wp-content\/uploads\/2022\/10\/kit-projeto-amellie-noelzinho-pdf-1024x1024.jpg\" \/>\n\t<meta property=\"og:image:width\" content=\"1024\" \/>\n\t<meta property=\"og:image:height\" content=\"1024\" \/>\n\t<meta property=\"og:image:type\" content=\"image\/jpeg\" \/>\n<meta name=\"twitter:card\" content=\"summary_large_image\" \/>\n<meta name=\"twitter:label1\" content=\"Price\" \/>\n\t<meta name=\"twitter:data1\" content=\"US$29,99\" \/>\n\t<meta name=\"twitter:label2\" content=\"Availability\" \/>\n\t<meta name=\"twitter:data2\" content=\"In stock\" \/>\n<script type=\"application\/ld+json\" class=\"yoast-schema-graph\">{\"@context\":\"https:\/\/schema.org\",\"@graph\":[{\"@type\":[\"WebPage\",\"ItemPage\"],\"@id\":\"https:\/\/amellie.com.br\/en\/produto\/kit-para-fazer-noelzinho\/\",\"url\":\"https:\/\/amellie.com.br\/en\/produto\/kit-para-fazer-noelzinho\/\",\"name\":\"Kit para fazer: Noelzinho - Amellie\",\"isPartOf\":{\"@id\":\"https:\/\/amellie.com.br\/en\/#website\"},\"primaryImageOfPage\":{\"@id\":\"https:\/\/amellie.com.br\/en\/produto\/kit-para-fazer-noelzinho\/#primaryimage\"},\"image\":{\"@id\":\"https:\/\/amellie.com.br\/en\/produto\/kit-para-fazer-noelzinho\/#primaryimage\"},\"thumbnailUrl\":\"https:\/\/amellie.com.br\/wp-content\/uploads\/2022\/10\/kit-projeto-amellie-noelzinho-pdf.jpg\",\"datePublished\":\"2022-10-28T12:06:47+00:00\",\"dateModified\":\"2025-08-03T20:51:06+00:00\",\"breadcrumb\":{\"@id\":\"https:\/\/amellie.com.br\/en\/produto\/kit-para-fazer-noelzinho\/#breadcrumb\"},\"inLanguage\":\"en-US\",\"potentialAction\":[{\"@type\":\"ReadAction\",\"target\":[\"https:\/\/amellie.com.br\/en\/produto\/kit-para-fazer-noelzinho\/\"]}]},{\"@type\":\"ImageObject\",\"inLanguage\":\"en-US\",\"@id\":\"https:\/\/amellie.com.br\/en\/produto\/kit-para-fazer-noelzinho\/#primaryimage\",\"url\":\"https:\/\/amellie.com.br\/wp-content\/uploads\/2022\/10\/kit-projeto-amellie-noelzinho-pdf.jpg\",\"contentUrl\":\"https:\/\/amellie.com.br\/wp-content\/uploads\/2022\/10\/kit-projeto-amellie-noelzinho-pdf.jpg\",\"width\":1920,\"height\":1920},{\"@type\":\"BreadcrumbList\",\"@id\":\"https:\/\/amellie.com.br\/en\/produto\/kit-para-fazer-noelzinho\/#breadcrumb\",\"itemListElement\":[{\"@type\":\"ListItem\",\"position\":1,\"name\":\"In\u00edcio\",\"item\":\"https:\/\/amellie.com.br\/en\/\"},{\"@type\":\"ListItem\",\"position\":2,\"name\":\"Shop\",\"item\":\"https:\/\/demo.zionlab.com.br\/en\/shop\/\"},{\"@type\":\"ListItem\",\"position\":3,\"name\":\"Kit para fazer: Noelzinho\"}]},{\"@type\":\"WebSite\",\"@id\":\"https:\/\/amellie.com.br\/en\/#website\",\"url\":\"https:\/\/amellie.com.br\/en\/\",\"name\":\"Amellie\",\"description\":\"Por Mari Prado - Bonecas &amp; Patchwork\",\"publisher\":{\"@id\":\"https:\/\/amellie.com.br\/en\/#organization\"},\"potentialAction\":[{\"@type\":\"SearchAction\",\"target\":{\"@type\":\"EntryPoint\",\"urlTemplate\":\"https:\/\/amellie.com.br\/en\/?s={search_term_string}\"},\"query-input\":{\"@type\":\"PropertyValueSpecification\",\"valueRequired\":true,\"valueName\":\"search_term_string\"}}],\"inLanguage\":\"en-US\"},{\"@type\":\"Organization\",\"@id\":\"https:\/\/amellie.com.br\/en\/#organization\",\"name\":\"Amellie - Por Mari Prado - Bonecas & Patchwork\",\"url\":\"https:\/\/amellie.com.br\/en\/\",\"logo\":{\"@type\":\"ImageObject\",\"inLanguage\":\"en-US\",\"@id\":\"https:\/\/amellie.com.br\/en\/#\/schema\/logo\/image\/\",\"url\":\"https:\/\/amellie.com.br\/wp-content\/uploads\/2022\/08\/Amellie-Logotipo.png\",\"contentUrl\":\"https:\/\/amellie.com.br\/wp-content\/uploads\/2022\/08\/Amellie-Logotipo.png\",\"width\":5095,\"height\":3058,\"caption\":\"Amellie - Por Mari Prado - Bonecas & Patchwork\"},\"image\":{\"@id\":\"https:\/\/amellie.com.br\/en\/#\/schema\/logo\/image\/\"},\"sameAs\":[\"https:\/\/www.facebook.com\/amelliebonecas\",\"https:\/\/www.instagram.com\/amelliebonecas\/\",\"https:\/\/www.youtube.com\/channel\/UCGM9gBxiwy7CXH7zj2KC0wQ\"]}]}<\/script>\n<meta property=\"product:price:amount\" content=\"29.99\" \/>\n<meta property=\"product:price:currency\" content=\"USD\" \/>\n<meta property=\"og:availability\" content=\"instock\" \/>\n<meta property=\"product:availability\" content=\"instock\" \/>\n<meta property=\"product:retailer_item_id\" content=\"AMNOELZINHO-Kit\" \/>\n<meta property=\"product:condition\" content=\"new\" \/>\n<!-- \/ Yoast SEO Premium plugin. -->","yoast_head_json":{"title":"Kit para fazer: Noelzinho - Amellie","robots":{"index":"index","follow":"follow","max-snippet":"max-snippet:-1","max-image-preview":"max-image-preview:large","max-video-preview":"max-video-preview:-1"},"canonical":"https:\/\/amellie.com.br\/en\/produto\/kit-para-fazer-noelzinho\/","og_locale":"en_US","og_type":"article","og_title":"Kit para fazer: Noelzinho - Amellie","og_description":"Kit para confec\u00e7\u00e3o da Noelzinho. Tudo embalado e separado com amor pela Amellie Kit inclui projeto com molde, tecidos variados","og_url":"https:\/\/amellie.com.br\/en\/produto\/kit-para-fazer-noelzinho\/","og_site_name":"Amellie","article_publisher":"https:\/\/www.facebook.com\/amelliebonecas","article_modified_time":"2025-08-03T20:51:06+00:00","og_image":[{"width":1024,"height":1024,"url":"https:\/\/amellie.com.br\/wp-content\/uploads\/2022\/10\/kit-projeto-amellie-noelzinho-pdf-1024x1024.jpg","type":"image\/jpeg"}],"twitter_card":"summary_large_image","twitter_misc":{"Price":"US$29,99","Availability":"In stock"},"schema":{"@context":"https:\/\/schema.org","@graph":[{"@type":["WebPage","ItemPage"],"@id":"https:\/\/amellie.com.br\/en\/produto\/kit-para-fazer-noelzinho\/","url":"https:\/\/amellie.com.br\/en\/produto\/kit-para-fazer-noelzinho\/","name":"Kit para fazer: Noelzinho - Amellie","isPartOf":{"@id":"https:\/\/amellie.com.br\/en\/#website"},"primaryImageOfPage":{"@id":"https:\/\/amellie.com.br\/en\/produto\/kit-para-fazer-noelzinho\/#primaryimage"},"image":{"@id":"https:\/\/amellie.com.br\/en\/produto\/kit-para-fazer-noelzinho\/#primaryimage"},"thumbnailUrl":"https:\/\/amellie.com.br\/wp-content\/uploads\/2022\/10\/kit-projeto-amellie-noelzinho-pdf.jpg","datePublished":"2022-10-28T12:06:47+00:00","dateModified":"2025-08-03T20:51:06+00:00","breadcrumb":{"@id":"https:\/\/amellie.com.br\/en\/produto\/kit-para-fazer-noelzinho\/#breadcrumb"},"inLanguage":"en-US","potentialAction":[{"@type":"ReadAction","target":["https:\/\/amellie.com.br\/en\/produto\/kit-para-fazer-noelzinho\/"]}]},{"@type":"ImageObject","inLanguage":"en-US","@id":"https:\/\/amellie.com.br\/en\/produto\/kit-para-fazer-noelzinho\/#primaryimage","url":"https:\/\/amellie.com.br\/wp-content\/uploads\/2022\/10\/kit-projeto-amellie-noelzinho-pdf.jpg","contentUrl":"https:\/\/amellie.com.br\/wp-content\/uploads\/2022\/10\/kit-projeto-amellie-noelzinho-pdf.jpg","width":1920,"height":1920},{"@type":"BreadcrumbList","@id":"https:\/\/amellie.com.br\/en\/produto\/kit-para-fazer-noelzinho\/#breadcrumb","itemListElement":[{"@type":"ListItem","position":1,"name":"In\u00edcio","item":"https:\/\/amellie.com.br\/en\/"},{"@type":"ListItem","position":2,"name":"Shop","item":"https:\/\/demo.zionlab.com.br\/en\/shop\/"},{"@type":"ListItem","position":3,"name":"Kit para fazer: Noelzinho"}]},{"@type":"WebSite","@id":"https:\/\/amellie.com.br\/en\/#website","url":"https:\/\/amellie.com.br\/en\/","name":"Amellie","description":"Por Mari Prado - Bonecas &amp; Patchwork","publisher":{"@id":"https:\/\/amellie.com.br\/en\/#organization"},"potentialAction":[{"@type":"SearchAction","target":{"@type":"EntryPoint","urlTemplate":"https:\/\/amellie.com.br\/en\/?s={search_term_string}"},"query-input":{"@type":"PropertyValueSpecification","valueRequired":true,"valueName":"search_term_string"}}],"inLanguage":"en-US"},{"@type":"Organization","@id":"https:\/\/amellie.com.br\/en\/#organization","name":"Amellie - Por Mari Prado - Bonecas & Patchwork","url":"https:\/\/amellie.com.br\/en\/","logo":{"@type":"ImageObject","inLanguage":"en-US","@id":"https:\/\/amellie.com.br\/en\/#\/schema\/logo\/image\/","url":"https:\/\/amellie.com.br\/wp-content\/uploads\/2022\/08\/Amellie-Logotipo.png","contentUrl":"https:\/\/amellie.com.br\/wp-content\/uploads\/2022\/08\/Amellie-Logotipo.png","width":5095,"height":3058,"caption":"Amellie - Por Mari Prado - Bonecas & Patchwork"},"image":{"@id":"https:\/\/amellie.com.br\/en\/#\/schema\/logo\/image\/"},"sameAs":["https:\/\/www.facebook.com\/amelliebonecas","https:\/\/www.instagram.com\/amelliebonecas\/","https:\/\/www.youtube.com\/channel\/UCGM9gBxiwy7CXH7zj2KC0wQ"]}]},"product_price_amount":"29.99","product_price_currency":"USD","og_availability":"instock","product_availability":"instock","product_retailer_item_id":"AMNOELZINHO-Kit","product_condition":"new"},"_links":{"self":[{"href":"https:\/\/amellie.com.br\/en\/wp-json\/wp\/v2\/product\/3664","targetHints":{"allow":["GET"]}}],"collection":[{"href":"https:\/\/amellie.com.br\/en\/wp-json\/wp\/v2\/product"}],"about":[{"href":"https:\/\/amellie.com.br\/en\/wp-json\/wp\/v2\/types\/product"}],"replies":[{"embeddable":true,"href":"https:\/\/amellie.com.br\/en\/wp-json\/wp\/v2\/comments?post=3664"}],"wp:featuredmedia":[{"embeddable":true,"href":"https:\/\/amellie.com.br\/en\/wp-json\/wp\/v2\/media\/3669"}],"wp:attachment":[{"href":"https:\/\/amellie.com.br\/en\/wp-json\/wp\/v2\/media?parent=3664"}],"wp:term":[{"taxonomy":"product_brand","embeddable":true,"href":"https:\/\/amellie.com.br\/en\/wp-json\/wp\/v2\/product_brand?post=3664"},{"taxonomy":"product_cat","embeddable":true,"href":"https:\/\/amellie.com.br\/en\/wp-json\/wp\/v2\/product_cat?post=3664"},{"taxonomy":"product_tag","embeddable":true,"href":"https:\/\/amellie.com.br\/en\/wp-json\/wp\/v2\/product_tag?post=3664"}],"curies":[{"name":"wp","href":"https:\/\/api.w.org\/{rel}","templated":true}]}}