{"id":117,"date":"2022-08-16T11:43:43","date_gmt":"2022-08-16T14:43:43","guid":{"rendered":"https:\/\/amellie.com.br\/quienes-somos\/"},"modified":"2022-11-06T15:36:25","modified_gmt":"2022-11-06T18:36:25","slug":"quienes-somos","status":"publish","type":"page","link":"https:\/\/amellie.com.br\/es\/quienes-somos\/","title":{"rendered":"Qui\u00e9nes Somos"},"content":{"rendered":"\t\t<div data-elementor-type=\"wp-page\" data-elementor-id=\"117\" class=\"elementor elementor-117 elementor-113\">\n\t\t\t\t\t\t<section class=\"wd-negative-gap elementor-section elementor-top-section elementor-element elementor-element-b3ac414 elementor-section-boxed elementor-section-height-default elementor-section-height-default\" data-id=\"b3ac414\" data-element_type=\"section\" data-e-type=\"section\">\n\t\t\t\t\t\t<div class=\"elementor-container elementor-column-gap-default\">\n\t\t\t\t\t<div class=\"elementor-column elementor-col-50 elementor-top-column elementor-element elementor-element-49b42bf\" data-id=\"49b42bf\" data-element_type=\"column\" data-e-type=\"column\">\n\t\t\t<div class=\"elementor-widget-wrap elementor-element-populated\">\n\t\t\t\t\t\t<div class=\"elementor-element elementor-element-797489c elementor-widget elementor-widget-image\" data-id=\"797489c\" data-element_type=\"widget\" data-e-type=\"widget\" data-widget_type=\"image.default\">\n\t\t\t\t<div class=\"elementor-widget-container\">\n\t\t\t\t\t\t\t\t\t\t\t\t\t\t\t<img decoding=\"async\" width=\"800\" height=\"800\" src=\"https:\/\/amellie.com.br\/wp-content\/uploads\/2022\/10\/quem-somos-amellie.jpg\" class=\"attachment-large size-large wp-image-3465\" alt=\"\" srcset=\"https:\/\/amellie.com.br\/wp-content\/uploads\/2022\/10\/quem-somos-amellie.jpg 800w, https:\/\/amellie.com.br\/wp-content\/uploads\/2022\/10\/quem-somos-amellie-300x300.jpg 300w, https:\/\/amellie.com.br\/wp-content\/uploads\/2022\/10\/quem-somos-amellie-150x150.jpg 150w, https:\/\/amellie.com.br\/wp-content\/uploads\/2022\/10\/quem-somos-amellie-768x768.jpg 768w, https:\/\/amellie.com.br\/wp-content\/uploads\/2022\/10\/quem-somos-amellie-600x600.jpg 600w\" sizes=\"(max-width: 800px) 100vw, 800px\" \/>\t\t\t\t\t\t\t\t\t\t\t\t\t\t\t<\/div>\n\t\t\t\t<\/div>\n\t\t\t\t\t<\/div>\n\t\t<\/div>\n\t\t\t\t<div class=\"elementor-column elementor-col-50 elementor-top-column elementor-element elementor-element-7378862\" data-id=\"7378862\" data-element_type=\"column\" data-e-type=\"column\">\n\t\t\t<div class=\"elementor-widget-wrap elementor-element-populated\">\n\t\t\t\t\t\t<div class=\"elementor-element elementor-element-1d54472 color-scheme-inherit text-left elementor-widget elementor-widget-text-editor\" data-id=\"1d54472\" data-element_type=\"widget\" data-e-type=\"widget\" data-widget_type=\"text-editor.default\">\n\t\t\t\t<div class=\"elementor-widget-container\">\n\t\t\t\t\t\t\t\t\t<p>Amellie, fundada en 2008 por Mariana y su madre la profesora Nair, \u00a1pone el universo de la magia del patchwork al alcance de nuestros clientes!<\/p>\n<p>Comenzamos creando hermosos proyectos para mu\u00f1ecas, mascotas y otros con patr\u00f3n y instrucciones detalladas para que nuestros clientes puedan armar las mu\u00f1ecas y mascotas m\u00e1s bellas de Brasil. A partir de 2015 ampliamos nuestra operaci\u00f3n para ofrecer tambi\u00e9n materiales, telas y accesorios necesarios para el trabajo de patchwork, as\u00ed como kits y mu\u00f1ecos ya armados. Y a partir de 2020, con el lanzamiento de nuestra nueva tienda, llegaremos a clientes de todo el mundo con nuestras creaciones de magia, felicidad, alegr\u00eda.<\/p>\n<p>Gracias a todos por visitarnos y esperamos que no \u00a1No solo vuelvas siempre, sino que tambi\u00e9n traigas a tus amigos!<\/p>\n\t\t\t\t\t\t\t\t<\/div>\n\t\t\t\t<\/div>\n\t\t\t\t\t<\/div>\n\t\t<\/div>\n\t\t\t\t\t<\/div>\n\t\t<\/section>\n\t\t\t\t<\/div>\n\t\t","protected":false},"excerpt":{"rendered":"<p>Amellie, fundada en 2008 por Mariana y su madre la profesora Nair, \u00a1pone el universo de la magia del patchwork<\/p>\n","protected":false},"author":2,"featured_media":0,"parent":0,"menu_order":0,"comment_status":"closed","ping_status":"closed","template":"","meta":{"_joinchat":[],"footnotes":""},"class_list":["post-117","page","type-page","status-publish","hentry"],"yoast_head":"<!-- This site is optimized with the Yoast SEO Premium plugin v27.0 (Yoast SEO v27.2) - https:\/\/yoast.com\/product\/yoast-seo-premium-wordpress\/ -->\n<title>Qui\u00e9nes Somos - Amellie<\/title>\n<meta name=\"robots\" content=\"index, follow, max-snippet:-1, max-image-preview:large, max-video-preview:-1\" \/>\n<link rel=\"canonical\" href=\"https:\/\/amellie.com.br\/es\/quienes-somos\/\" \/>\n<meta property=\"og:locale\" content=\"es_ES\" \/>\n<meta property=\"og:type\" content=\"article\" \/>\n<meta property=\"og:title\" content=\"Qui\u00e9nes Somos - Amellie\" \/>\n<meta property=\"og:description\" content=\"Amellie, fundada en 2008 por Mariana y su madre la profesora Nair, \u00a1pone el universo de la magia del patchwork\" \/>\n<meta property=\"og:url\" content=\"https:\/\/amellie.com.br\/es\/quienes-somos\/\" \/>\n<meta property=\"og:site_name\" content=\"Amellie\" \/>\n<meta property=\"article:publisher\" content=\"https:\/\/www.facebook.com\/amelliebonecas\" \/>\n<meta property=\"article:modified_time\" content=\"2022-11-06T18:36:25+00:00\" \/>\n<meta property=\"og:image\" content=\"https:\/\/amellie.com.br\/wp-content\/uploads\/2022\/10\/quem-somos-amellie.jpg\" \/>\n<meta name=\"twitter:card\" content=\"summary_large_image\" \/>\n<meta name=\"twitter:label1\" content=\"Tiempo de lectura\" \/>\n\t<meta name=\"twitter:data1\" content=\"1 minuto\" \/>\n<script type=\"application\/ld+json\" class=\"yoast-schema-graph\">{\"@context\":\"https:\/\/schema.org\",\"@graph\":[{\"@type\":\"WebPage\",\"@id\":\"https:\/\/amellie.com.br\/es\/quienes-somos\/\",\"url\":\"https:\/\/amellie.com.br\/es\/quienes-somos\/\",\"name\":\"Qui\u00e9nes Somos - Amellie\",\"isPartOf\":{\"@id\":\"https:\/\/amellie.com.br\/es\/#website\"},\"primaryImageOfPage\":{\"@id\":\"https:\/\/amellie.com.br\/es\/quienes-somos\/#primaryimage\"},\"image\":{\"@id\":\"https:\/\/amellie.com.br\/es\/quienes-somos\/#primaryimage\"},\"thumbnailUrl\":\"https:\/\/amellie.com.br\/wp-content\/uploads\/2022\/10\/quem-somos-amellie.jpg\",\"datePublished\":\"2022-08-16T14:43:43+00:00\",\"dateModified\":\"2022-11-06T18:36:25+00:00\",\"breadcrumb\":{\"@id\":\"https:\/\/amellie.com.br\/es\/quienes-somos\/#breadcrumb\"},\"inLanguage\":\"es\",\"potentialAction\":[{\"@type\":\"ReadAction\",\"target\":[\"https:\/\/amellie.com.br\/es\/quienes-somos\/\"]}]},{\"@type\":\"ImageObject\",\"inLanguage\":\"es\",\"@id\":\"https:\/\/amellie.com.br\/es\/quienes-somos\/#primaryimage\",\"url\":\"https:\/\/amellie.com.br\/wp-content\/uploads\/2022\/10\/quem-somos-amellie.jpg\",\"contentUrl\":\"https:\/\/amellie.com.br\/wp-content\/uploads\/2022\/10\/quem-somos-amellie.jpg\"},{\"@type\":\"BreadcrumbList\",\"@id\":\"https:\/\/amellie.com.br\/es\/quienes-somos\/#breadcrumb\",\"itemListElement\":[{\"@type\":\"ListItem\",\"position\":1,\"name\":\"In\u00edcio\",\"item\":\"https:\/\/amellie.com.br\/es\/\"},{\"@type\":\"ListItem\",\"position\":2,\"name\":\"Qui\u00e9nes Somos\"}]},{\"@type\":\"WebSite\",\"@id\":\"https:\/\/amellie.com.br\/es\/#website\",\"url\":\"https:\/\/amellie.com.br\/es\/\",\"name\":\"Amellie\",\"description\":\"Por Mari Prado - Bonecas &amp; Patchwork\",\"publisher\":{\"@id\":\"https:\/\/amellie.com.br\/es\/#organization\"},\"potentialAction\":[{\"@type\":\"SearchAction\",\"target\":{\"@type\":\"EntryPoint\",\"urlTemplate\":\"https:\/\/amellie.com.br\/es\/?s={search_term_string}\"},\"query-input\":{\"@type\":\"PropertyValueSpecification\",\"valueRequired\":true,\"valueName\":\"search_term_string\"}}],\"inLanguage\":\"es\"},{\"@type\":\"Organization\",\"@id\":\"https:\/\/amellie.com.br\/es\/#organization\",\"name\":\"Amellie - Por Mari Prado - Bonecas & Patchwork\",\"url\":\"https:\/\/amellie.com.br\/es\/\",\"logo\":{\"@type\":\"ImageObject\",\"inLanguage\":\"es\",\"@id\":\"https:\/\/amellie.com.br\/es\/#\/schema\/logo\/image\/\",\"url\":\"https:\/\/amellie.com.br\/wp-content\/uploads\/2022\/08\/Amellie-Logotipo.png\",\"contentUrl\":\"https:\/\/amellie.com.br\/wp-content\/uploads\/2022\/08\/Amellie-Logotipo.png\",\"width\":5095,\"height\":3058,\"caption\":\"Amellie - Por Mari Prado - Bonecas & Patchwork\"},\"image\":{\"@id\":\"https:\/\/amellie.com.br\/es\/#\/schema\/logo\/image\/\"},\"sameAs\":[\"https:\/\/www.facebook.com\/amelliebonecas\",\"https:\/\/www.instagram.com\/amelliebonecas\/\",\"https:\/\/www.youtube.com\/channel\/UCGM9gBxiwy7CXH7zj2KC0wQ\"]}]}<\/script>\n<!-- \/ Yoast SEO Premium plugin. -->","yoast_head_json":{"title":"Qui\u00e9nes Somos - Amellie","robots":{"index":"index","follow":"follow","max-snippet":"max-snippet:-1","max-image-preview":"max-image-preview:large","max-video-preview":"max-video-preview:-1"},"canonical":"https:\/\/amellie.com.br\/es\/quienes-somos\/","og_locale":"es_ES","og_type":"article","og_title":"Qui\u00e9nes Somos - Amellie","og_description":"Amellie, fundada en 2008 por Mariana y su madre la profesora Nair, \u00a1pone el universo de la magia del patchwork","og_url":"https:\/\/amellie.com.br\/es\/quienes-somos\/","og_site_name":"Amellie","article_publisher":"https:\/\/www.facebook.com\/amelliebonecas","article_modified_time":"2022-11-06T18:36:25+00:00","og_image":[{"url":"https:\/\/amellie.com.br\/wp-content\/uploads\/2022\/10\/quem-somos-amellie.jpg","type":"","width":"","height":""}],"twitter_card":"summary_large_image","twitter_misc":{"Tiempo de lectura":"1 minuto"},"schema":{"@context":"https:\/\/schema.org","@graph":[{"@type":"WebPage","@id":"https:\/\/amellie.com.br\/es\/quienes-somos\/","url":"https:\/\/amellie.com.br\/es\/quienes-somos\/","name":"Qui\u00e9nes Somos - Amellie","isPartOf":{"@id":"https:\/\/amellie.com.br\/es\/#website"},"primaryImageOfPage":{"@id":"https:\/\/amellie.com.br\/es\/quienes-somos\/#primaryimage"},"image":{"@id":"https:\/\/amellie.com.br\/es\/quienes-somos\/#primaryimage"},"thumbnailUrl":"https:\/\/amellie.com.br\/wp-content\/uploads\/2022\/10\/quem-somos-amellie.jpg","datePublished":"2022-08-16T14:43:43+00:00","dateModified":"2022-11-06T18:36:25+00:00","breadcrumb":{"@id":"https:\/\/amellie.com.br\/es\/quienes-somos\/#breadcrumb"},"inLanguage":"es","potentialAction":[{"@type":"ReadAction","target":["https:\/\/amellie.com.br\/es\/quienes-somos\/"]}]},{"@type":"ImageObject","inLanguage":"es","@id":"https:\/\/amellie.com.br\/es\/quienes-somos\/#primaryimage","url":"https:\/\/amellie.com.br\/wp-content\/uploads\/2022\/10\/quem-somos-amellie.jpg","contentUrl":"https:\/\/amellie.com.br\/wp-content\/uploads\/2022\/10\/quem-somos-amellie.jpg"},{"@type":"BreadcrumbList","@id":"https:\/\/amellie.com.br\/es\/quienes-somos\/#breadcrumb","itemListElement":[{"@type":"ListItem","position":1,"name":"In\u00edcio","item":"https:\/\/amellie.com.br\/es\/"},{"@type":"ListItem","position":2,"name":"Qui\u00e9nes Somos"}]},{"@type":"WebSite","@id":"https:\/\/amellie.com.br\/es\/#website","url":"https:\/\/amellie.com.br\/es\/","name":"Amellie","description":"Por Mari Prado - Bonecas &amp; Patchwork","publisher":{"@id":"https:\/\/amellie.com.br\/es\/#organization"},"potentialAction":[{"@type":"SearchAction","target":{"@type":"EntryPoint","urlTemplate":"https:\/\/amellie.com.br\/es\/?s={search_term_string}"},"query-input":{"@type":"PropertyValueSpecification","valueRequired":true,"valueName":"search_term_string"}}],"inLanguage":"es"},{"@type":"Organization","@id":"https:\/\/amellie.com.br\/es\/#organization","name":"Amellie - Por Mari Prado - Bonecas & Patchwork","url":"https:\/\/amellie.com.br\/es\/","logo":{"@type":"ImageObject","inLanguage":"es","@id":"https:\/\/amellie.com.br\/es\/#\/schema\/logo\/image\/","url":"https:\/\/amellie.com.br\/wp-content\/uploads\/2022\/08\/Amellie-Logotipo.png","contentUrl":"https:\/\/amellie.com.br\/wp-content\/uploads\/2022\/08\/Amellie-Logotipo.png","width":5095,"height":3058,"caption":"Amellie - Por Mari Prado - Bonecas & Patchwork"},"image":{"@id":"https:\/\/amellie.com.br\/es\/#\/schema\/logo\/image\/"},"sameAs":["https:\/\/www.facebook.com\/amelliebonecas","https:\/\/www.instagram.com\/amelliebonecas\/","https:\/\/www.youtube.com\/channel\/UCGM9gBxiwy7CXH7zj2KC0wQ"]}]}},"_links":{"self":[{"href":"https:\/\/amellie.com.br\/es\/wp-json\/wp\/v2\/pages\/117","targetHints":{"allow":["GET"]}}],"collection":[{"href":"https:\/\/amellie.com.br\/es\/wp-json\/wp\/v2\/pages"}],"about":[{"href":"https:\/\/amellie.com.br\/es\/wp-json\/wp\/v2\/types\/page"}],"author":[{"embeddable":true,"href":"https:\/\/amellie.com.br\/es\/wp-json\/wp\/v2\/users\/2"}],"replies":[{"embeddable":true,"href":"https:\/\/amellie.com.br\/es\/wp-json\/wp\/v2\/comments?post=117"}],"version-history":[{"count":0,"href":"https:\/\/amellie.com.br\/es\/wp-json\/wp\/v2\/pages\/117\/revisions"}],"wp:attachment":[{"href":"https:\/\/amellie.com.br\/es\/wp-json\/wp\/v2\/media?parent=117"}],"curies":[{"name":"wp","href":"https:\/\/api.w.org\/{rel}","templated":true}]}}