{"id":4944,"date":"2022-08-23T18:11:17","date_gmt":"2022-08-23T21:11:17","guid":{"rendered":"https:\/\/amellie.com.br\/produto\/combo-proyectos-mamas\/"},"modified":"2022-08-23T18:11:17","modified_gmt":"2022-08-23T21:11:17","slug":"combo-projetos-mamaes","status":"publish","type":"product","link":"https:\/\/amellie.com.br\/es\/produto\/combo-projetos-mamaes\/","title":{"rendered":"Combo Proyectos Mam\u00e1s"},"content":{"rendered":"<p><strong>\u00a1\u00a1\u00a1Combo del Proyecto de Mam\u00e1!!!<\/strong><\/p>\n<p><strong>Este combo contiene 2 patr\u00f3nes\/ proyectos:<\/strong><\/p>\n<ul>\n<li>Mamy y<\/li>\n<li>Mu\u00f1eca embarazada<\/li>\n<\/ul>\n<p><strong>No deje de visitar nuestro canal en YouTube!! Gracias por su visita. \u2665\u2665\u2665<\/strong><\/p>\n","protected":false},"excerpt":{"rendered":"<p>\u00a1\u00a1\u00a1Combo del Proyecto de Mam\u00e1!!! Este combo contiene 2 patr\u00f3nes\/ proyectos: Mamy y Mu\u00f1eca embarazada No deje de visitar nuestro<\/p>\n","protected":false},"featured_media":2613,"comment_status":"open","ping_status":"closed","template":"","meta":{"_joinchat":[]},"product_brand":[],"product_cat":[127],"product_tag":[],"class_list":{"0":"post-4944","1":"product","2":"type-product","3":"status-publish","4":"has-post-thumbnail","6":"product_cat-combos-de-patrones-proyectos","8":"first","9":"instock","10":"sale","11":"virtual","12":"purchasable","13":"product-type-bundle"},"bundled_by":[],"bundle_stock_status":"instock","bundle_stock_quantity":"","bundle_virtual":false,"bundle_layout":"default","bundle_add_to_cart_form_location":"default","bundle_editable_in_cart":false,"bundle_sold_individually_context":"product","bundle_item_grouping":"parent","bundle_min_size":"","bundle_max_size":"","bundle_price":{"price":{"min":{"incl_tax":"16.99","excl_tax":"16.99"},"max":{"incl_tax":"16.99","excl_tax":"16.99"}},"regular_price":{"min":{"incl_tax":"21.99","excl_tax":"21.99"},"max":{"incl_tax":"21.99","excl_tax":"21.99"}}},"bundled_items":[{"bundled_item_id":83,"product_id":4948,"menu_order":0,"quantity_min":1,"quantity_max":1,"quantity_default":1,"priced_individually":false,"shipped_individually":false,"override_title":false,"title":"Patr\u00f3n: Mu\u00f1eca embarazada","override_description":false,"description":"Patr\u00f3n: Mu\u00f1eca embarazada","optional":false,"hide_thumbnail":false,"discount":"","override_variations":true,"allowed_variations":[4949],"override_default_variation_attributes":false,"default_variation_attributes":[],"single_product_visibility":"visible","cart_visibility":"visible","order_visibility":"visible","single_product_price_visibility":"visible","cart_price_visibility":"visible","order_price_visibility":"visible","stock_status":"in_stock"},{"bundled_item_id":81,"product_id":4846,"menu_order":1,"quantity_min":1,"quantity_max":1,"quantity_default":1,"priced_individually":false,"shipped_individually":false,"override_title":false,"title":"Patr\u00f3n: Mamy","override_description":false,"description":"Patr\u00f3n: Mamy","optional":false,"hide_thumbnail":false,"discount":"","override_variations":true,"allowed_variations":[4847],"override_default_variation_attributes":false,"default_variation_attributes":[],"single_product_visibility":"visible","cart_visibility":"visible","order_visibility":"visible","single_product_price_visibility":"visible","cart_price_visibility":"visible","order_price_visibility":"visible","stock_status":"in_stock"}],"bundle_sell_ids":[],"yoast_head":"<!-- This site is optimized with the Yoast SEO Premium plugin v27.0 (Yoast SEO v27.2) - https:\/\/yoast.com\/product\/yoast-seo-premium-wordpress\/ -->\n<title>Combo Proyectos Mam\u00e1s - Amellie<\/title>\n<meta name=\"robots\" content=\"index, follow, max-snippet:-1, max-image-preview:large, max-video-preview:-1\" \/>\n<link rel=\"canonical\" href=\"https:\/\/amellie.com.br\/es\/produto\/combo-projetos-mamaes\/\" \/>\n<meta property=\"og:locale\" content=\"es_ES\" \/>\n<meta property=\"og:type\" content=\"article\" \/>\n<meta property=\"og:title\" content=\"Combo Proyectos Mam\u00e1s - Amellie\" \/>\n<meta property=\"og:description\" content=\"\u00a1\u00a1\u00a1Combo del Proyecto de Mam\u00e1!!! Este combo contiene 2 patr\u00f3nes\/ proyectos: Mamy y Mu\u00f1eca embarazada No deje de visitar nuestro\" \/>\n<meta property=\"og:url\" content=\"https:\/\/amellie.com.br\/es\/produto\/combo-projetos-mamaes\/\" \/>\n<meta property=\"og:site_name\" content=\"Amellie\" \/>\n<meta property=\"article:publisher\" content=\"https:\/\/www.facebook.com\/amelliebonecas\" \/>\n<meta property=\"og:image\" content=\"https:\/\/amellie.com.br\/wp-content\/uploads\/2022\/08\/Combo-dia-das-maes.jpg\" \/>\n\t<meta property=\"og:image:width\" content=\"1455\" \/>\n\t<meta property=\"og:image:height\" content=\"1693\" \/>\n\t<meta property=\"og:image:type\" content=\"image\/jpeg\" \/>\n<meta name=\"twitter:card\" content=\"summary_large_image\" \/>\n<meta name=\"twitter:label1\" content=\"Precio\" \/>\n\t<meta name=\"twitter:data1\" content=\"US$16,99\" \/>\n\t<meta name=\"twitter:label2\" content=\"Disponibilidad\" \/>\n\t<meta name=\"twitter:data2\" content=\"Disponible\" \/>\n<script type=\"application\/ld+json\" class=\"yoast-schema-graph\">{\"@context\":\"https:\/\/schema.org\",\"@graph\":[{\"@type\":[\"WebPage\",\"ItemPage\"],\"@id\":\"https:\/\/amellie.com.br\/es\/produto\/combo-projetos-mamaes\/\",\"url\":\"https:\/\/amellie.com.br\/es\/produto\/combo-projetos-mamaes\/\",\"name\":\"Combo Proyectos Mam\u00e1s - Amellie\",\"isPartOf\":{\"@id\":\"https:\/\/amellie.com.br\/es\/#website\"},\"primaryImageOfPage\":{\"@id\":\"https:\/\/amellie.com.br\/es\/produto\/combo-projetos-mamaes\/#primaryimage\"},\"image\":{\"@id\":\"https:\/\/amellie.com.br\/es\/produto\/combo-projetos-mamaes\/#primaryimage\"},\"thumbnailUrl\":\"https:\/\/amellie.com.br\/wp-content\/uploads\/2022\/08\/Combo-dia-das-maes.jpg\",\"datePublished\":\"2022-08-23T21:11:17+00:00\",\"breadcrumb\":{\"@id\":\"https:\/\/amellie.com.br\/es\/produto\/combo-projetos-mamaes\/#breadcrumb\"},\"inLanguage\":\"es\",\"potentialAction\":[{\"@type\":\"ReadAction\",\"target\":[\"https:\/\/amellie.com.br\/es\/produto\/combo-projetos-mamaes\/\"]}]},{\"@type\":\"ImageObject\",\"inLanguage\":\"es\",\"@id\":\"https:\/\/amellie.com.br\/es\/produto\/combo-projetos-mamaes\/#primaryimage\",\"url\":\"https:\/\/amellie.com.br\/wp-content\/uploads\/2022\/08\/Combo-dia-das-maes.jpg\",\"contentUrl\":\"https:\/\/amellie.com.br\/wp-content\/uploads\/2022\/08\/Combo-dia-das-maes.jpg\",\"width\":1455,\"height\":1693},{\"@type\":\"BreadcrumbList\",\"@id\":\"https:\/\/amellie.com.br\/es\/produto\/combo-projetos-mamaes\/#breadcrumb\",\"itemListElement\":[{\"@type\":\"ListItem\",\"position\":1,\"name\":\"In\u00edcio\",\"item\":\"https:\/\/amellie.com.br\/es\/\"},{\"@type\":\"ListItem\",\"position\":2,\"name\":\"Tienda\",\"item\":\"https:\/\/demo.zionlab.com.br\/es\/tienda\/\"},{\"@type\":\"ListItem\",\"position\":3,\"name\":\"Combo Proyectos Mam\u00e1s\"}]},{\"@type\":\"WebSite\",\"@id\":\"https:\/\/amellie.com.br\/es\/#website\",\"url\":\"https:\/\/amellie.com.br\/es\/\",\"name\":\"Amellie\",\"description\":\"Por Mari Prado - Bonecas &amp; Patchwork\",\"publisher\":{\"@id\":\"https:\/\/amellie.com.br\/es\/#organization\"},\"potentialAction\":[{\"@type\":\"SearchAction\",\"target\":{\"@type\":\"EntryPoint\",\"urlTemplate\":\"https:\/\/amellie.com.br\/es\/?s={search_term_string}\"},\"query-input\":{\"@type\":\"PropertyValueSpecification\",\"valueRequired\":true,\"valueName\":\"search_term_string\"}}],\"inLanguage\":\"es\"},{\"@type\":\"Organization\",\"@id\":\"https:\/\/amellie.com.br\/es\/#organization\",\"name\":\"Amellie - Por Mari Prado - Bonecas & Patchwork\",\"url\":\"https:\/\/amellie.com.br\/es\/\",\"logo\":{\"@type\":\"ImageObject\",\"inLanguage\":\"es\",\"@id\":\"https:\/\/amellie.com.br\/es\/#\/schema\/logo\/image\/\",\"url\":\"https:\/\/amellie.com.br\/wp-content\/uploads\/2022\/08\/Amellie-Logotipo.png\",\"contentUrl\":\"https:\/\/amellie.com.br\/wp-content\/uploads\/2022\/08\/Amellie-Logotipo.png\",\"width\":5095,\"height\":3058,\"caption\":\"Amellie - Por Mari Prado - Bonecas & Patchwork\"},\"image\":{\"@id\":\"https:\/\/amellie.com.br\/es\/#\/schema\/logo\/image\/\"},\"sameAs\":[\"https:\/\/www.facebook.com\/amelliebonecas\",\"https:\/\/www.instagram.com\/amelliebonecas\/\",\"https:\/\/www.youtube.com\/channel\/UCGM9gBxiwy7CXH7zj2KC0wQ\"]}]}<\/script>\n<meta property=\"product:price:amount\" content=\"16.99\" \/>\n<meta property=\"product:price:currency\" content=\"USD\" \/>\n<meta property=\"og:availability\" content=\"instock\" \/>\n<meta property=\"product:availability\" content=\"instock\" \/>\n<meta property=\"product:condition\" content=\"new\" \/>\n<!-- \/ Yoast SEO Premium plugin. -->","yoast_head_json":{"title":"Combo Proyectos Mam\u00e1s - Amellie","robots":{"index":"index","follow":"follow","max-snippet":"max-snippet:-1","max-image-preview":"max-image-preview:large","max-video-preview":"max-video-preview:-1"},"canonical":"https:\/\/amellie.com.br\/es\/produto\/combo-projetos-mamaes\/","og_locale":"es_ES","og_type":"article","og_title":"Combo Proyectos Mam\u00e1s - Amellie","og_description":"\u00a1\u00a1\u00a1Combo del Proyecto de Mam\u00e1!!! Este combo contiene 2 patr\u00f3nes\/ proyectos: Mamy y Mu\u00f1eca embarazada No deje de visitar nuestro","og_url":"https:\/\/amellie.com.br\/es\/produto\/combo-projetos-mamaes\/","og_site_name":"Amellie","article_publisher":"https:\/\/www.facebook.com\/amelliebonecas","og_image":[{"width":1455,"height":1693,"url":"https:\/\/amellie.com.br\/wp-content\/uploads\/2022\/08\/Combo-dia-das-maes.jpg","type":"image\/jpeg"}],"twitter_card":"summary_large_image","twitter_misc":{"Precio":"US$16,99","Disponibilidad":"Disponible"},"schema":{"@context":"https:\/\/schema.org","@graph":[{"@type":["WebPage","ItemPage"],"@id":"https:\/\/amellie.com.br\/es\/produto\/combo-projetos-mamaes\/","url":"https:\/\/amellie.com.br\/es\/produto\/combo-projetos-mamaes\/","name":"Combo Proyectos Mam\u00e1s - Amellie","isPartOf":{"@id":"https:\/\/amellie.com.br\/es\/#website"},"primaryImageOfPage":{"@id":"https:\/\/amellie.com.br\/es\/produto\/combo-projetos-mamaes\/#primaryimage"},"image":{"@id":"https:\/\/amellie.com.br\/es\/produto\/combo-projetos-mamaes\/#primaryimage"},"thumbnailUrl":"https:\/\/amellie.com.br\/wp-content\/uploads\/2022\/08\/Combo-dia-das-maes.jpg","datePublished":"2022-08-23T21:11:17+00:00","breadcrumb":{"@id":"https:\/\/amellie.com.br\/es\/produto\/combo-projetos-mamaes\/#breadcrumb"},"inLanguage":"es","potentialAction":[{"@type":"ReadAction","target":["https:\/\/amellie.com.br\/es\/produto\/combo-projetos-mamaes\/"]}]},{"@type":"ImageObject","inLanguage":"es","@id":"https:\/\/amellie.com.br\/es\/produto\/combo-projetos-mamaes\/#primaryimage","url":"https:\/\/amellie.com.br\/wp-content\/uploads\/2022\/08\/Combo-dia-das-maes.jpg","contentUrl":"https:\/\/amellie.com.br\/wp-content\/uploads\/2022\/08\/Combo-dia-das-maes.jpg","width":1455,"height":1693},{"@type":"BreadcrumbList","@id":"https:\/\/amellie.com.br\/es\/produto\/combo-projetos-mamaes\/#breadcrumb","itemListElement":[{"@type":"ListItem","position":1,"name":"In\u00edcio","item":"https:\/\/amellie.com.br\/es\/"},{"@type":"ListItem","position":2,"name":"Tienda","item":"https:\/\/demo.zionlab.com.br\/es\/tienda\/"},{"@type":"ListItem","position":3,"name":"Combo Proyectos Mam\u00e1s"}]},{"@type":"WebSite","@id":"https:\/\/amellie.com.br\/es\/#website","url":"https:\/\/amellie.com.br\/es\/","name":"Amellie","description":"Por Mari Prado - Bonecas &amp; Patchwork","publisher":{"@id":"https:\/\/amellie.com.br\/es\/#organization"},"potentialAction":[{"@type":"SearchAction","target":{"@type":"EntryPoint","urlTemplate":"https:\/\/amellie.com.br\/es\/?s={search_term_string}"},"query-input":{"@type":"PropertyValueSpecification","valueRequired":true,"valueName":"search_term_string"}}],"inLanguage":"es"},{"@type":"Organization","@id":"https:\/\/amellie.com.br\/es\/#organization","name":"Amellie - Por Mari Prado - Bonecas & Patchwork","url":"https:\/\/amellie.com.br\/es\/","logo":{"@type":"ImageObject","inLanguage":"es","@id":"https:\/\/amellie.com.br\/es\/#\/schema\/logo\/image\/","url":"https:\/\/amellie.com.br\/wp-content\/uploads\/2022\/08\/Amellie-Logotipo.png","contentUrl":"https:\/\/amellie.com.br\/wp-content\/uploads\/2022\/08\/Amellie-Logotipo.png","width":5095,"height":3058,"caption":"Amellie - Por Mari Prado - Bonecas & Patchwork"},"image":{"@id":"https:\/\/amellie.com.br\/es\/#\/schema\/logo\/image\/"},"sameAs":["https:\/\/www.facebook.com\/amelliebonecas","https:\/\/www.instagram.com\/amelliebonecas\/","https:\/\/www.youtube.com\/channel\/UCGM9gBxiwy7CXH7zj2KC0wQ"]}]},"product_price_amount":"16.99","product_price_currency":"USD","og_availability":"instock","product_availability":"instock","product_condition":"new"},"_links":{"self":[{"href":"https:\/\/amellie.com.br\/es\/wp-json\/wp\/v2\/product\/4944","targetHints":{"allow":["GET"]}}],"collection":[{"href":"https:\/\/amellie.com.br\/es\/wp-json\/wp\/v2\/product"}],"about":[{"href":"https:\/\/amellie.com.br\/es\/wp-json\/wp\/v2\/types\/product"}],"replies":[{"embeddable":true,"href":"https:\/\/amellie.com.br\/es\/wp-json\/wp\/v2\/comments?post=4944"}],"wp:featuredmedia":[{"embeddable":true,"href":"https:\/\/amellie.com.br\/es\/wp-json\/wp\/v2\/media\/2613"}],"wp:attachment":[{"href":"https:\/\/amellie.com.br\/es\/wp-json\/wp\/v2\/media?parent=4944"}],"wp:term":[{"taxonomy":"product_brand","embeddable":true,"href":"https:\/\/amellie.com.br\/es\/wp-json\/wp\/v2\/product_brand?post=4944"},{"taxonomy":"product_cat","embeddable":true,"href":"https:\/\/amellie.com.br\/es\/wp-json\/wp\/v2\/product_cat?post=4944"},{"taxonomy":"product_tag","embeddable":true,"href":"https:\/\/amellie.com.br\/es\/wp-json\/wp\/v2\/product_tag?post=4944"}],"curies":[{"name":"wp","href":"https:\/\/api.w.org\/{rel}","templated":true}]}}