{"id":6811,"date":"2023-12-03T17:38:14","date_gmt":"2023-12-03T20:38:14","guid":{"rendered":"https:\/\/amellie.com.br\/?post_type=product&#038;p=6811"},"modified":"2023-12-15T15:14:46","modified_gmt":"2023-12-15T18:14:46","slug":"peca-pronta-noel-candy","status":"publish","type":"product","link":"https:\/\/amellie.com.br\/es\/produto\/peca-pronta-noel-candy\/","title":{"rendered":"Pe\u00e7a pronta: Noel Candy"},"content":{"rendered":"<p>Pe\u00e7a pronta feita \u00e0 m\u00e3o com muito carinho. O Noel Candy est\u00e1 super na moda em rela\u00e7\u00e3o a decora\u00e7\u00e3o infantil e de Natal. \u00c9 perfeito para enfeitar e estimular a imagina\u00e7\u00e3o!!<\/p>\n<p><strong>Tamanho:<\/strong> 26cm<\/p>\n<p><strong>Material:<\/strong> veludo, tricoline e acess\u00f3rios<\/p>\n<p><strong>Cuidados:<\/strong> lavar a seco<\/p>\n<p><strong>Pronta entrega<\/strong>. Prazo de postagem: at\u00e9 5 dias \u00fateis<\/p>\n","protected":false},"excerpt":{"rendered":"<p>Pe\u00e7a pronta feita \u00e0 m\u00e3o<\/p>\n","protected":false},"featured_media":6911,"comment_status":"open","ping_status":"closed","template":"","meta":{"_joinchat":[]},"product_brand":[],"product_cat":[79],"product_tag":[],"class_list":{"0":"post-6811","1":"product","2":"type-product","3":"status-publish","4":"has-post-thumbnail","6":"product_cat-pecas-prontas","8":"first","9":"instock","10":"shipping-taxable","11":"purchasable","12":"product-type-simple"},"bundled_by":[],"bundle_stock_status":"instock","bundle_stock_quantity":1,"bundle_virtual":false,"bundle_layout":"","bundle_add_to_cart_form_location":"","bundle_editable_in_cart":false,"bundle_sold_individually_context":"","bundle_item_grouping":"","bundle_min_size":"","bundle_max_size":"","bundle_price":[],"bundled_items":[],"bundle_sell_ids":[],"yoast_head":"<!-- This site is optimized with the Yoast SEO Premium plugin v27.0 (Yoast SEO v27.2) - https:\/\/yoast.com\/product\/yoast-seo-premium-wordpress\/ -->\n<title>Pe\u00e7a pronta: Noel Candy - Amellie<\/title>\n<meta name=\"robots\" content=\"index, follow, max-snippet:-1, max-image-preview:large, max-video-preview:-1\" \/>\n<link rel=\"canonical\" href=\"https:\/\/amellie.com.br\/es\/produto\/peca-pronta-noel-candy\/\" \/>\n<meta property=\"og:locale\" content=\"es_ES\" \/>\n<meta property=\"og:type\" content=\"article\" \/>\n<meta property=\"og:title\" content=\"Pe\u00e7a pronta: Noel Candy - Amellie\" \/>\n<meta property=\"og:description\" content=\"Pe\u00e7a pronta feita \u00e0 m\u00e3o\" \/>\n<meta property=\"og:url\" content=\"https:\/\/amellie.com.br\/es\/produto\/peca-pronta-noel-candy\/\" \/>\n<meta property=\"og:site_name\" content=\"Amellie\" \/>\n<meta property=\"article:publisher\" content=\"https:\/\/www.facebook.com\/amelliebonecas\" \/>\n<meta property=\"article:modified_time\" content=\"2023-12-15T18:14:46+00:00\" \/>\n<meta property=\"og:image\" content=\"https:\/\/amellie.com.br\/wp-content\/uploads\/2023\/12\/Amellie-Noel-Candy-scaled.jpg\" \/>\n\t<meta property=\"og:image:width\" content=\"2560\" \/>\n\t<meta property=\"og:image:height\" content=\"2560\" \/>\n\t<meta property=\"og:image:type\" content=\"image\/jpeg\" \/>\n<meta name=\"twitter:card\" content=\"summary_large_image\" \/>\n<meta name=\"twitter:label1\" content=\"Precio\" \/>\n\t<meta name=\"twitter:data1\" content=\"US$65,99\" \/>\n\t<meta name=\"twitter:label2\" content=\"Disponibilidad\" \/>\n\t<meta name=\"twitter:data2\" content=\"Disponible\" \/>\n<script type=\"application\/ld+json\" class=\"yoast-schema-graph\">{\"@context\":\"https:\/\/schema.org\",\"@graph\":[{\"@type\":[\"WebPage\",\"ItemPage\"],\"@id\":\"https:\/\/amellie.com.br\/es\/produto\/peca-pronta-noel-candy\/\",\"url\":\"https:\/\/amellie.com.br\/es\/produto\/peca-pronta-noel-candy\/\",\"name\":\"Pe\u00e7a pronta: Noel Candy - Amellie\",\"isPartOf\":{\"@id\":\"https:\/\/amellie.com.br\/es\/#website\"},\"primaryImageOfPage\":{\"@id\":\"https:\/\/amellie.com.br\/es\/produto\/peca-pronta-noel-candy\/#primaryimage\"},\"image\":{\"@id\":\"https:\/\/amellie.com.br\/es\/produto\/peca-pronta-noel-candy\/#primaryimage\"},\"thumbnailUrl\":\"https:\/\/amellie.com.br\/wp-content\/uploads\/2023\/12\/Amellie-Noel-Candy-scaled.jpg\",\"datePublished\":\"2023-12-03T20:38:14+00:00\",\"dateModified\":\"2023-12-15T18:14:46+00:00\",\"breadcrumb\":{\"@id\":\"https:\/\/amellie.com.br\/es\/produto\/peca-pronta-noel-candy\/#breadcrumb\"},\"inLanguage\":\"es\",\"potentialAction\":[{\"@type\":\"ReadAction\",\"target\":[\"https:\/\/amellie.com.br\/es\/produto\/peca-pronta-noel-candy\/\"]}]},{\"@type\":\"ImageObject\",\"inLanguage\":\"es\",\"@id\":\"https:\/\/amellie.com.br\/es\/produto\/peca-pronta-noel-candy\/#primaryimage\",\"url\":\"https:\/\/amellie.com.br\/wp-content\/uploads\/2023\/12\/Amellie-Noel-Candy-scaled.jpg\",\"contentUrl\":\"https:\/\/amellie.com.br\/wp-content\/uploads\/2023\/12\/Amellie-Noel-Candy-scaled.jpg\",\"width\":2560,\"height\":2560},{\"@type\":\"BreadcrumbList\",\"@id\":\"https:\/\/amellie.com.br\/es\/produto\/peca-pronta-noel-candy\/#breadcrumb\",\"itemListElement\":[{\"@type\":\"ListItem\",\"position\":1,\"name\":\"In\u00edcio\",\"item\":\"https:\/\/amellie.com.br\/es\/\"},{\"@type\":\"ListItem\",\"position\":2,\"name\":\"Tienda\",\"item\":\"https:\/\/demo.zionlab.com.br\/es\/tienda\/\"},{\"@type\":\"ListItem\",\"position\":3,\"name\":\"Pe\u00e7a pronta: Noel Candy\"}]},{\"@type\":\"WebSite\",\"@id\":\"https:\/\/amellie.com.br\/es\/#website\",\"url\":\"https:\/\/amellie.com.br\/es\/\",\"name\":\"Amellie\",\"description\":\"Por Mari Prado - Bonecas &amp; Patchwork\",\"publisher\":{\"@id\":\"https:\/\/amellie.com.br\/es\/#organization\"},\"potentialAction\":[{\"@type\":\"SearchAction\",\"target\":{\"@type\":\"EntryPoint\",\"urlTemplate\":\"https:\/\/amellie.com.br\/es\/?s={search_term_string}\"},\"query-input\":{\"@type\":\"PropertyValueSpecification\",\"valueRequired\":true,\"valueName\":\"search_term_string\"}}],\"inLanguage\":\"es\"},{\"@type\":\"Organization\",\"@id\":\"https:\/\/amellie.com.br\/es\/#organization\",\"name\":\"Amellie - Por Mari Prado - Bonecas & Patchwork\",\"url\":\"https:\/\/amellie.com.br\/es\/\",\"logo\":{\"@type\":\"ImageObject\",\"inLanguage\":\"es\",\"@id\":\"https:\/\/amellie.com.br\/es\/#\/schema\/logo\/image\/\",\"url\":\"https:\/\/amellie.com.br\/wp-content\/uploads\/2022\/08\/Amellie-Logotipo.png\",\"contentUrl\":\"https:\/\/amellie.com.br\/wp-content\/uploads\/2022\/08\/Amellie-Logotipo.png\",\"width\":5095,\"height\":3058,\"caption\":\"Amellie - Por Mari Prado - Bonecas & Patchwork\"},\"image\":{\"@id\":\"https:\/\/amellie.com.br\/es\/#\/schema\/logo\/image\/\"},\"sameAs\":[\"https:\/\/www.facebook.com\/amelliebonecas\",\"https:\/\/www.instagram.com\/amelliebonecas\/\",\"https:\/\/www.youtube.com\/channel\/UCGM9gBxiwy7CXH7zj2KC0wQ\"]}]}<\/script>\n<meta property=\"product:price:amount\" content=\"65.99\" \/>\n<meta property=\"product:price:currency\" content=\"USD\" \/>\n<meta property=\"og:availability\" content=\"instock\" \/>\n<meta property=\"product:availability\" content=\"instock\" \/>\n<meta property=\"product:retailer_item_id\" content=\"AMNOCANDY-PRONTA\" \/>\n<meta property=\"product:condition\" content=\"new\" \/>\n<!-- \/ Yoast SEO Premium plugin. -->","yoast_head_json":{"title":"Pe\u00e7a pronta: Noel Candy - Amellie","robots":{"index":"index","follow":"follow","max-snippet":"max-snippet:-1","max-image-preview":"max-image-preview:large","max-video-preview":"max-video-preview:-1"},"canonical":"https:\/\/amellie.com.br\/es\/produto\/peca-pronta-noel-candy\/","og_locale":"es_ES","og_type":"article","og_title":"Pe\u00e7a pronta: Noel Candy - Amellie","og_description":"Pe\u00e7a pronta feita \u00e0 m\u00e3o","og_url":"https:\/\/amellie.com.br\/es\/produto\/peca-pronta-noel-candy\/","og_site_name":"Amellie","article_publisher":"https:\/\/www.facebook.com\/amelliebonecas","article_modified_time":"2023-12-15T18:14:46+00:00","og_image":[{"width":2560,"height":2560,"url":"https:\/\/amellie.com.br\/wp-content\/uploads\/2023\/12\/Amellie-Noel-Candy-scaled.jpg","type":"image\/jpeg"}],"twitter_card":"summary_large_image","twitter_misc":{"Precio":"US$65,99","Disponibilidad":"Disponible"},"schema":{"@context":"https:\/\/schema.org","@graph":[{"@type":["WebPage","ItemPage"],"@id":"https:\/\/amellie.com.br\/es\/produto\/peca-pronta-noel-candy\/","url":"https:\/\/amellie.com.br\/es\/produto\/peca-pronta-noel-candy\/","name":"Pe\u00e7a pronta: Noel Candy - Amellie","isPartOf":{"@id":"https:\/\/amellie.com.br\/es\/#website"},"primaryImageOfPage":{"@id":"https:\/\/amellie.com.br\/es\/produto\/peca-pronta-noel-candy\/#primaryimage"},"image":{"@id":"https:\/\/amellie.com.br\/es\/produto\/peca-pronta-noel-candy\/#primaryimage"},"thumbnailUrl":"https:\/\/amellie.com.br\/wp-content\/uploads\/2023\/12\/Amellie-Noel-Candy-scaled.jpg","datePublished":"2023-12-03T20:38:14+00:00","dateModified":"2023-12-15T18:14:46+00:00","breadcrumb":{"@id":"https:\/\/amellie.com.br\/es\/produto\/peca-pronta-noel-candy\/#breadcrumb"},"inLanguage":"es","potentialAction":[{"@type":"ReadAction","target":["https:\/\/amellie.com.br\/es\/produto\/peca-pronta-noel-candy\/"]}]},{"@type":"ImageObject","inLanguage":"es","@id":"https:\/\/amellie.com.br\/es\/produto\/peca-pronta-noel-candy\/#primaryimage","url":"https:\/\/amellie.com.br\/wp-content\/uploads\/2023\/12\/Amellie-Noel-Candy-scaled.jpg","contentUrl":"https:\/\/amellie.com.br\/wp-content\/uploads\/2023\/12\/Amellie-Noel-Candy-scaled.jpg","width":2560,"height":2560},{"@type":"BreadcrumbList","@id":"https:\/\/amellie.com.br\/es\/produto\/peca-pronta-noel-candy\/#breadcrumb","itemListElement":[{"@type":"ListItem","position":1,"name":"In\u00edcio","item":"https:\/\/amellie.com.br\/es\/"},{"@type":"ListItem","position":2,"name":"Tienda","item":"https:\/\/demo.zionlab.com.br\/es\/tienda\/"},{"@type":"ListItem","position":3,"name":"Pe\u00e7a pronta: Noel Candy"}]},{"@type":"WebSite","@id":"https:\/\/amellie.com.br\/es\/#website","url":"https:\/\/amellie.com.br\/es\/","name":"Amellie","description":"Por Mari Prado - Bonecas &amp; Patchwork","publisher":{"@id":"https:\/\/amellie.com.br\/es\/#organization"},"potentialAction":[{"@type":"SearchAction","target":{"@type":"EntryPoint","urlTemplate":"https:\/\/amellie.com.br\/es\/?s={search_term_string}"},"query-input":{"@type":"PropertyValueSpecification","valueRequired":true,"valueName":"search_term_string"}}],"inLanguage":"es"},{"@type":"Organization","@id":"https:\/\/amellie.com.br\/es\/#organization","name":"Amellie - Por Mari Prado - Bonecas & Patchwork","url":"https:\/\/amellie.com.br\/es\/","logo":{"@type":"ImageObject","inLanguage":"es","@id":"https:\/\/amellie.com.br\/es\/#\/schema\/logo\/image\/","url":"https:\/\/amellie.com.br\/wp-content\/uploads\/2022\/08\/Amellie-Logotipo.png","contentUrl":"https:\/\/amellie.com.br\/wp-content\/uploads\/2022\/08\/Amellie-Logotipo.png","width":5095,"height":3058,"caption":"Amellie - Por Mari Prado - Bonecas & Patchwork"},"image":{"@id":"https:\/\/amellie.com.br\/es\/#\/schema\/logo\/image\/"},"sameAs":["https:\/\/www.facebook.com\/amelliebonecas","https:\/\/www.instagram.com\/amelliebonecas\/","https:\/\/www.youtube.com\/channel\/UCGM9gBxiwy7CXH7zj2KC0wQ"]}]},"product_price_amount":"65.99","product_price_currency":"USD","og_availability":"instock","product_availability":"instock","product_retailer_item_id":"AMNOCANDY-PRONTA","product_condition":"new"},"_links":{"self":[{"href":"https:\/\/amellie.com.br\/es\/wp-json\/wp\/v2\/product\/6811","targetHints":{"allow":["GET"]}}],"collection":[{"href":"https:\/\/amellie.com.br\/es\/wp-json\/wp\/v2\/product"}],"about":[{"href":"https:\/\/amellie.com.br\/es\/wp-json\/wp\/v2\/types\/product"}],"replies":[{"embeddable":true,"href":"https:\/\/amellie.com.br\/es\/wp-json\/wp\/v2\/comments?post=6811"}],"wp:featuredmedia":[{"embeddable":true,"href":"https:\/\/amellie.com.br\/es\/wp-json\/wp\/v2\/media\/6911"}],"wp:attachment":[{"href":"https:\/\/amellie.com.br\/es\/wp-json\/wp\/v2\/media?parent=6811"}],"wp:term":[{"taxonomy":"product_brand","embeddable":true,"href":"https:\/\/amellie.com.br\/es\/wp-json\/wp\/v2\/product_brand?post=6811"},{"taxonomy":"product_cat","embeddable":true,"href":"https:\/\/amellie.com.br\/es\/wp-json\/wp\/v2\/product_cat?post=6811"},{"taxonomy":"product_tag","embeddable":true,"href":"https:\/\/amellie.com.br\/es\/wp-json\/wp\/v2\/product_tag?post=6811"}],"curies":[{"name":"wp","href":"https:\/\/api.w.org\/{rel}","templated":true}]}}